{"id":1255,"date":"2025-09-15T21:05:58","date_gmt":"2025-09-15T21:05:58","guid":{"rendered":"https:\/\/rau.design\/?page_id=1255"},"modified":"2025-11-16T20:38:04","modified_gmt":"2025-11-16T20:38:04","slug":"about","status":"publish","type":"page","link":"https:\/\/rau.design\/index.php\/about\/","title":{"rendered":"Impressum"},"content":{"rendered":"<div  class='flex_column av-3p74fb-d67094e4973bee17fd8282503fdab63b av_one_full  avia-builder-el-0  el_before_av_slideshow_full  avia-builder-el-no-sibling  first flex_column_div  '     ><\/div>\n<\/div><\/div><\/div><!-- close content main div --><\/div><\/div><div id='full_slider_1'  class='avia-fullwidth-slider main_color avia-shadow   avia-builder-el-1  el_after_av_one_full  el_before_av_section   slider-not-first container_wrap fullsize'  >\n<style type=\"text\/css\" data-created_by=\"avia_inline_auto\" id=\"style-css-av-2lfu23x-33e8f42864758773a230e5da0ee5846b\">\n#top #wrap_all .avia-slideshow .av-slideshow-caption.av-2lfu23x-33e8f42864758773a230e5da0ee5846b__0 .avia-caption-title{\nfont-size:30px;\n}\n#top .avia-slideshow .av-slideshow-caption.av-2lfu23x-33e8f42864758773a230e5da0ee5846b__0 .avia-caption-content{\nfont-size:15px;\n}\n#top .avia-slideshow .av-slideshow-caption.av-2lfu23x-33e8f42864758773a230e5da0ee5846b__0 .avia-caption-content p{\nfont-size:15px;\n}\n<\/style>\n<div  class='avia-slideshow av-2lfu23x-33e8f42864758773a230e5da0ee5846b avia-slideshow-featured av_slideshow_full avia-fade-slider av-slideshow-ui av-control-minimal av-slideshow-manual av-loop-once av-loop-manual-endless av-default-height-applied   avia-slideshow-1' data-slideshow-options=\"{&quot;animation&quot;:&quot;fade&quot;,&quot;autoplay&quot;:false,&quot;loop_autoplay&quot;:&quot;once&quot;,&quot;interval&quot;:5,&quot;loop_manual&quot;:&quot;manual-endless&quot;,&quot;autoplay_stopper&quot;:false,&quot;noNavigation&quot;:false,&quot;bg_slider&quot;:false,&quot;keep_padding&quot;:false,&quot;hoverpause&quot;:false,&quot;show_slide_delay&quot;:0}\"  itemprop=\"image\" itemscope=\"itemscope\" itemtype=\"https:\/\/schema.org\/ImageObject\" ><ul class='avia-slideshow-inner ' style='padding-bottom: 28.666666666667%;'><li  class='avia-slideshow-slide av-2lfu23x-33e8f42864758773a230e5da0ee5846b__0  av-single-slide slide-1 slide-odd'><div data-rel='slideshow-1' class='avia-slide-wrap '   ><div class='av-slideshow-caption av-2lfu23x-33e8f42864758773a230e5da0ee5846b__0 caption_fullwidth caption_left caption_left_framed caption_framed'><div class=\"container caption_container\"><div class=\"slideshow_caption\"><div class=\"slideshow_inner_caption\"><div class=\"slideshow_align_caption\"><h2 class='avia-caption-title '  itemprop=\"name\" >DAS KLEINGEDRUCKTE<\/h2><div class='avia-caption-content '  itemprop=\"description\" ><p>&#8230; aber h\u00fcbsch verpackt<\/p>\n<\/div><\/div><\/div><\/div><\/div><\/div><img decoding=\"async\" fetchpriority=\"high\" class=\"wp-image-1753 avia-img-lazy-loading-not-1753\"  src=\"https:\/\/rau.design\/wp-content\/uploads\/2025\/11\/Titel-Impressum-2-1500x430.png\" width=\"1500\" height=\"430\" title='Titel-Impressum 2' alt=''  itemprop=\"thumbnailUrl\"   \/><\/div><\/li><\/ul><\/div><\/div>\n<div id='av_section_1'  class='avia-section av-2hmtsdp-1fdbb5d7c2400591cbc86515ec444525 main_color avia-section-huge avia-no-border-styling  avia-builder-el-2  el_after_av_slideshow_full  el_before_av_section  avia-bg-style-scroll container_wrap fullsize'  ><div class='container av-section-cont-open' ><div class='template-page content  av-content-full alpha units'><div class='post-entry post-entry-type-page post-entry-1255'><div class='entry-content-wrapper clearfix'>\n\n<style type=\"text\/css\" data-created_by=\"avia_inline_auto\" id=\"style-css-av-2guawsd-af07a70d06a89cdf1b5e55ad10df4bc5\">\n#top .av-special-heading.av-2guawsd-af07a70d06a89cdf1b5e55ad10df4bc5{\npadding-bottom:20px;\n}\nbody .av-special-heading.av-2guawsd-af07a70d06a89cdf1b5e55ad10df4bc5 .av-special-heading-tag .heading-char{\nfont-size:25px;\n}\n.av-special-heading.av-2guawsd-af07a70d06a89cdf1b5e55ad10df4bc5 .av-subheading{\nfont-size:15px;\n}\n<\/style>\n<div  class='av-special-heading av-2guawsd-af07a70d06a89cdf1b5e55ad10df4bc5 av-special-heading-h1 blockquote modern-quote  avia-builder-el-3  avia-builder-el-no-sibling '><h1 class='av-special-heading-tag '  itemprop=\"headline\"  >Impressum<\/h1><div class=\"special-heading-border\"><div class=\"special-heading-inner-border\"><\/div><\/div><\/div>\n<\/div><\/div><\/div><!-- close content main div --><\/div><\/div>\n<style type=\"text\/css\" data-created_by=\"avia_inline_auto\" id=\"style-css-av-26anfgt-052ba28add535c2399a7ab95f31c309b\">\n.avia-section.av-26anfgt-052ba28add535c2399a7ab95f31c309b{\nbackground-color:#fcfcfc;\nbackground-image:unset;\n}\n<\/style>\n<div id='av_section_2'  class='avia-section av-26anfgt-052ba28add535c2399a7ab95f31c309b main_color avia-section-huge avia-no-border-styling  avia-builder-el-4  el_after_av_section  el_before_av_heading  avia-bg-style-scroll container_wrap fullsize'  ><div class='container av-section-cont-open' ><div class='template-page content  av-content-full alpha units'><div class='post-entry post-entry-type-page post-entry-1255'><div class='entry-content-wrapper clearfix'>\n\n<style type=\"text\/css\" data-created_by=\"avia_inline_auto\" id=\"style-css-av-23kn1v1-8adb5f16d6d326a58443b71de5107b3d\">\n#top .av-special-heading.av-23kn1v1-8adb5f16d6d326a58443b71de5107b3d{\npadding-bottom:10px;\n}\nbody .av-special-heading.av-23kn1v1-8adb5f16d6d326a58443b71de5107b3d .av-special-heading-tag .heading-char{\nfont-size:25px;\n}\n.av-special-heading.av-23kn1v1-8adb5f16d6d326a58443b71de5107b3d .av-subheading{\nfont-size:15px;\n}\n<\/style>\n<div  class='av-special-heading av-23kn1v1-8adb5f16d6d326a58443b71de5107b3d av-special-heading-h2 blockquote modern-quote  avia-builder-el-5  el_before_av_one_half  avia-builder-el-first '><h2 class='av-special-heading-tag '  itemprop=\"headline\"  >RAU design e.U.<\/h2><div class=\"special-heading-border\"><div class=\"special-heading-inner-border\"><\/div><\/div><\/div>\n\n<style type=\"text\/css\" data-created_by=\"avia_inline_auto\" id=\"style-css-av-24hl6h9-ba62cb3201ec3139d158e42c57445d5d\">\n.flex_column.av-24hl6h9-ba62cb3201ec3139d158e42c57445d5d{\nborder-radius:0px 0px 0px 0px;\npadding:0px 0px 0px 0px;\n}\n<\/style>\n<div  class='flex_column av-24hl6h9-ba62cb3201ec3139d158e42c57445d5d av_one_half  avia-builder-el-6  el_after_av_heading  el_before_av_one_half  first flex_column_div av-animated-generic bottom-to-top av-zero-column-padding  '     ><section  class='av_textblock_section av-2233r59-f446f5be3176ea5a17d89a3320183db1 '   itemscope=\"itemscope\" itemtype=\"https:\/\/schema.org\/CreativeWork\" ><div class='avia_textblock'  itemprop=\"text\" ><p>Inhaberin Mag. Eva Rauer<br \/>\neingetragenes Einzelunternehmen<br \/>\nGrafikdesign<\/p>\n<p>FN: 635608<br \/>\nFB-Gericht: Wiener Neustadt<br \/>\n2353 Guntramsdorf, Neudorferstra\u00dfe 12a, Austria<br \/>\nTel: +43 670 55 77 669<br \/>\nE-Mail: eva@rau.design<\/p>\n<p>Mitglied der WK\u00d6, WKN\u00d6,<br \/>\n703 &#8211; FG Werbung und Marktkommunikation<\/p>\n<p>Berufsrecht<br \/>\nGewerbeordnung: www.ris.bka.gv.at<br \/>\nBezirkshauptmannschaft M\u00f6dling<\/p>\n<\/div><\/section><\/div>\n<style type=\"text\/css\" data-created_by=\"avia_inline_auto\" id=\"style-css-av-26gyhz-20212a58dba9063421d8e12554010bad\">\n.flex_column.av-26gyhz-20212a58dba9063421d8e12554010bad{\nborder-radius:0px 0px 0px 0px;\npadding:0px 0px 0px 0px;\n}\n<\/style>\n<div  class='flex_column av-26gyhz-20212a58dba9063421d8e12554010bad av_one_half  avia-builder-el-8  el_after_av_one_half  avia-builder-el-last  flex_column_div av-animated-generic bottom-to-top av-zero-column-padding  '     ><section  class='av_textblock_section av-mfjzrklz-8defb01f6ac75cb9bb02e4fdf2fc53bb '   itemscope=\"itemscope\" itemtype=\"https:\/\/schema.org\/CreativeWork\" ><div class='avia_textblock'  itemprop=\"text\" ><p>Fotos und Grafiken:<\/p>\n<p>S\u00e4mtliche auf dieser Website gezeigten Fotografien und Grafiken sind<br \/>\nurheberrechtlich gesch\u00fctzt. Jede Verwendung, Vervielf\u00e4ltigung oder Weitergabe<br \/>\nbedarf der vorherigen Zustimmung des Rechteinhabers.<br \/>\n\u00a9 Eva Rauer; \u00a9 shutterstock.com hmorena; \u00a9 shutterstock.com RoseRodionova;<br \/>\n\u00a9 shutterstock.com <span class=\"MuiBox-root mui-16qd35q-centeredContent-avatarContainer\"><span class=\"MuiTypography-root MuiTypography-body1 mui-1w8ttpd-contributorLabel-linkAvatarLabel\">Accogliente Design<\/span><\/span>; \u00a9 shutterstock.com <span class=\"MuiBox-root mui-16qd35q-centeredContent-avatarContainer\"><span class=\"MuiTypography-root MuiTypography-body1 mui-1w8ttpd-contributorLabel-linkAvatarLabel\">Rawpixel.com<\/span><\/span>;<br \/>\n\u00a9 shutterstock.com <span class=\"MuiBox-root mui-16qd35q-centeredContent-avatarContainer\"><span class=\"MuiTypography-root MuiTypography-body1 mui-1w8ttpd-contributorLabel-linkAvatarLabel\">STRR GRAPHIC R; \u00a9 shutterstock.com Oleksandr Yashchuk<br \/>\n<\/span><\/span>Alle Rechte vorbehalten.<\/p>\n<\/div><\/section><\/div><\/div><\/div><\/div><!-- close content main div --><\/div><\/div><div id='after_section_2'  class='main_color av_default_container_wrap container_wrap fullsize'  ><div class='container av-section-cont-open' ><div class='template-page content  av-content-full alpha units'><div class='post-entry post-entry-type-page post-entry-1255'><div class='entry-content-wrapper clearfix'>\n<style type=\"text\/css\" data-created_by=\"avia_inline_auto\" id=\"style-css-av-mgcqgvh4-5565da830b14e98f4d511000140c0037\">\n#top .av-special-heading.av-mgcqgvh4-5565da830b14e98f4d511000140c0037{\npadding-bottom:10px;\n}\nbody .av-special-heading.av-mgcqgvh4-5565da830b14e98f4d511000140c0037 .av-special-heading-tag .heading-char{\nfont-size:25px;\n}\n.av-special-heading.av-mgcqgvh4-5565da830b14e98f4d511000140c0037 .av-subheading{\nfont-size:15px;\n}\n<\/style>\n<div  class='av-special-heading av-mgcqgvh4-5565da830b14e98f4d511000140c0037 av-special-heading-h2 blockquote modern-quote  avia-builder-el-10  el_after_av_section  el_before_av_one_half  avia-builder-el-first '><h2 class='av-special-heading-tag '  itemprop=\"headline\"  >Datenschutz<\/h2><div class=\"special-heading-border\"><div class=\"special-heading-inner-border\"><\/div><\/div><\/div><\/p>\n<div  class='flex_column av-1xqbc7-b3cb7bfd3cc5068495f512add93877ef av_one_half  avia-builder-el-11  el_after_av_heading  el_before_av_one_half  first flex_column_div  '     ><section  class='av_textblock_section av-mgcqg611-22a1368d3613763af594244a29135d75 '   itemscope=\"itemscope\" itemtype=\"https:\/\/schema.org\/CreativeWork\" ><div class='avia_textblock'  itemprop=\"text\" ><section class=\"av_textblock_section av-leuiz2vs-edd2d496a8ab6ace35bfdd2b91fb7096 \">\n<div class=\"avia_textblock\">\n<p>Im Folgenden informieren wir Sie \u00fcber den Umgang mit Ihren personenbezogenen Daten bei Nutzung unserer Website. Personenbezogene Daten sind hierbei alle Daten, mit denen Sie pers\u00f6nlich identifiziert werden k\u00f6nnen.<\/p>\n<p>Verantwortlicher f\u00fcr die Datenverarbeitung auf dieser Website im Sinne der Datenschutz-Grundverordnung (DSGVO) ist wie im Impressung angef\u00fchrt Eva Rauer.<\/p>\n<h6>1. Datenerfassung beim Besuch unserer Website<\/h6>\n<p data-start=\"1275\" data-end=\"1554\">1.1. Beim Besuch der Website<\/p>\n<p data-start=\"1275\" data-end=\"1554\">Beim Aufrufen dieser Website werden durch den auf Ihrem Endger\u00e4t zum Einsatz kommenden Browser automatisch Informationen an den Server unserer Website gesendet. Diese Informationen werden tempor\u00e4r in sogenannten Logfiles gespeichert.<br data-start=\"1508\" data-end=\"1511\" \/>Folgende Daten k\u00f6nnen dabei erhoben werden:<\/p>\n<ul>\n<li>IP-Adresse des anfragenden Rechners<\/li>\n<li>Datum und Uhrzeit des Zugriffs<\/li>\n<li>Name und URL der abgerufenen Datei<\/li>\n<li>Website, von der aus der Zugriff erfolgt (Referrer-URL)<\/li>\n<li>verwendeter Browser und ggf. das Betriebssystem Ihres Rechners sowie der Name Ihres Access-Providers<\/li>\n<\/ul>\n<p data-start=\"1836\" data-end=\"2151\">Die Verarbeitung dieser Daten erfolgt, um einen reibungslosen Verbindungsaufbau der Website sicherzustellen, die Systemsicherheit und -stabilit\u00e4t auszuwerten sowie zu administrativen Zwecken.<br data-start=\"2027\" data-end=\"2030\" \/>Die Rechtsgrundlage hierf\u00fcr ist Art. 6 Abs. 1 lit. f DSGVO. Unser berechtigtes Interesse folgt aus den genannten Zwecken.<\/p>\n<p data-start=\"2153\" data-end=\"2231\">Eine Zusammenf\u00fchrung dieser Daten mit anderen Datenquellen findet nicht statt.<\/p>\n<p data-start=\"2279\" data-end=\"2542\">1.2 Bei Nutzung des Kontaktformulares<\/p>\n<p data-start=\"2279\" data-end=\"2542\">Wenn Sie uns per Kontaktformular Anfragen zukommen lassen, werden Ihre Angaben aus dem Formular inklusive der von Ihnen dort angegebenen Kontaktdaten (Name, E-Mail-Adresse) zwecks Bearbeitung der Anfrage und f\u00fcr den Fall von Anschlussfragen bei uns gespeichert.<\/p>\n<p data-start=\"2544\" data-end=\"2774\">Diese Daten geben wir nicht ohne Ihre Einwilligung weiter.<br data-start=\"2606\" data-end=\"2609\" \/>Die Verarbeitung dieser Daten erfolgt auf Grundlage von Art. 6 Abs. 1 lit. b DSGVO (vorvertragliche Ma\u00dfnahmen) bzw. Art. 6 Abs. 1 lit. a DSGVO (Ihre Einwilligung).<\/p>\n<p data-start=\"2776\" data-end=\"2852\">Sie k\u00f6nnen Ihre Einwilligung jederzeit formlos per E-Mail an uns widerrufen.<\/p>\n<\/div>\n<h6 data-start=\"2901\" data-end=\"3165\"><\/h6>\n<h6 data-start=\"2901\" data-end=\"3165\">2. Speicherung und L\u00f6schung der Daten<\/h6>\n<div class=\"avia_textblock\">\n<p data-start=\"2901\" data-end=\"3165\">Wir speichern personenbezogene Daten nur so lange, wie dies zur Erreichung des jeweiligen Zwecks erforderlich ist oder gesetzliche Aufbewahrungsfristen bestehen.<br data-start=\"3062\" data-end=\"3065\" \/>Nach Wegfall des Verarbeitungszwecks oder Ablauf der gesetzlichen Fristen werden die Daten gel\u00f6scht.<\/p>\n<h6 data-start=\"2901\" data-end=\"3165\"><\/h6>\n<h6 data-start=\"2901\" data-end=\"3165\">3. Weitergabe von Daten<\/h6>\n<p data-start=\"3200\" data-end=\"3299\">Eine \u00dcbermittlung Ihrer pers\u00f6nlichen Daten an Dritte findet grunds\u00e4tzlich nicht statt, es sei denn:<\/p>\n<ul>\n<li data-start=\"3200\" data-end=\"3299\">Sie haben Ihre ausdr\u00fcckliche Einwilligung dazu erteilt (Art. 6 Abs. 1 lit. a DSGVO),<\/li>\n<li data-start=\"3200\" data-end=\"3299\">die Verarbeitung ist zur Erf\u00fcllung eines Vertrags oder vorvertraglicher Ma\u00dfnahmen erforderlich (Art. 6 Abs. 1 lit. b DSGVO),<\/li>\n<li data-start=\"3200\" data-end=\"3299\">eine rechtliche Verpflichtung besteht (Art. 6 Abs. 1 lit. c DSGVO),<\/li>\n<li data-start=\"3200\" data-end=\"3299\">oder die Weitergabe dient der Wahrung berechtigter Interessen (Art. 6 Abs. 1 lit. f DSGVO) und es besteht kein Grund zur Annahme, dass Sie ein \u00fcberwiegendes schutzw\u00fcrdiges Interesse an der Nichtweitergabe Ihrer Daten haben.<\/li>\n<\/ul>\n<h6 data-start=\"2901\" data-end=\"3165\"><\/h6>\n<\/div>\n<\/section>\n<\/div><\/section><\/div>\n<style type=\"text\/css\" data-created_by=\"avia_inline_auto\" id=\"style-css-av-5nmhkn-5f4c447d8fa48e09bb3b1e17a38dab2d\">\n.flex_column.av-5nmhkn-5f4c447d8fa48e09bb3b1e17a38dab2d{\nborder-radius:0px 0px 0px 0px;\npadding:0px 0px 0px 0px;\n}\n<\/style>\n<div  class='flex_column av-5nmhkn-5f4c447d8fa48e09bb3b1e17a38dab2d av_one_half  avia-builder-el-13  el_after_av_one_half  avia-builder-el-last  flex_column_div av-animated-generic bottom-to-top av-zero-column-padding  '     ><section  class='av_textblock_section av-mhl21x1h-7e0cf982b424c62a7de824959ddadd92 '   itemscope=\"itemscope\" itemtype=\"https:\/\/schema.org\/CreativeWork\" ><div class='avia_textblock'  itemprop=\"text\" ><h6 data-start=\"2901\" data-end=\"3165\"><\/h6>\n<h6 data-start=\"2901\" data-end=\"3165\">4. Datensicherheit<\/h6>\n<p data-start=\"4761\" data-end=\"5077\">Wir verwenden innerhalb des Website-Besuchs das verbreitete SSL- bzw. TLS-Verschl\u00fcsselungsverfahren, um Ihre Daten gegen unbefugten Zugriff zu sch\u00fctzen. Eine verschl\u00fcsselte Verbindung erkennen Sie daran, dass die Adresszeile Ihres Browsers von \u201ehttp:\/\/\u201c auf \u201ehttps:\/\/\u201c wechselt und ein Schloss-Symbol angezeigt wird.<\/p>\n<p data-start=\"4761\" data-end=\"5077\">\n<h6>5. Cookies<\/h6>\n<p>Um bei der Nutzung der Website bestimmter Funktionen zu erm\u00f6glichen, verwenden wir auf verschiedenen Seiten sogenannte Cookies. Hierbei handelt es sich um kleine Textdateien, die auf Ihrem Endger\u00e4t abgelegt werden. Einige der von uns verwendeten Cookies werden nach dem Ende der Browser-Sitzung, also nach Schlie\u00dfen Ihres Browsers, wieder gel\u00f6scht (sog. Sitzungs-Cookies). Andere Cookies verbleiben auf Ihrem Endger\u00e4t und erm\u00f6glichen uns oder unseren Partnerunternehmen (Cookies von Drittanbietern), Ihren Browser beim n\u00e4chsten Besuch wiederzuerkennen (persistente Cookies). Werden Cookies gesetzt, erheben und verarbeiten diese im individuellen Umfang bestimmte Nutzerinformationen wie Browser- und Standortdaten sowie IP-Adresswerte. Persistente Cookies werden automatisiert nach einer vorgegebenen Dauer gel\u00f6scht, die sich je nach Cookie unterscheiden kann.<\/p>\n<p>Bitte beachten Sie, dass Sie Ihren Browser so einstellen k\u00f6nnen, dass Sie \u00fcber das Setzen von Cookies informiert werden und einzeln \u00fcber deren Annahme entscheiden oder die Annahme von Cookies f\u00fcr bestimmte F\u00e4lle oder generell ausschlie\u00dfen k\u00f6nnen.<\/p>\n<h6>6. Rechte des Betroffenen<\/h6>\n<p data-start=\"3855\" data-end=\"3875\">Sie haben das Recht:<\/p>\n<ul>\n<li data-start=\"3878\" data-end=\"3978\">gem\u00e4\u00df Art. 15 DSGVO Auskunft \u00fcber Ihre von uns verarbeiteten personenbezogenen Daten zu verlangen,<\/li>\n<li data-start=\"3878\" data-end=\"3978\">gem\u00e4\u00df Art. 16 DSGVO unverz\u00fcglich die Berichtigung unrichtiger oder Vervollst\u00e4ndigung Ihrer bei uns gespeicherten Daten zu verlangen,<\/li>\n<li data-start=\"3878\" data-end=\"3978\">gem\u00e4\u00df Art. 17 DSGVO die L\u00f6schung Ihrer bei uns gespeicherten Daten zu verlangen, soweit keine gesetzlichen Aufbewahrungspflichten entgegenstehen,<\/li>\n<li data-start=\"3878\" data-end=\"3978\">gem\u00e4\u00df Art. 18 DSGVO die Einschr\u00e4nkung der Verarbeitung zu verlangen,<\/li>\n<li data-start=\"4341\" data-end=\"4466\">gem\u00e4\u00df Art. 20 DSGVO Ihre bereitgestellten Daten in einem strukturierten, g\u00e4ngigen und maschinenlesbaren Format zu erhalten,gem\u00e4\u00df Art. 7 Abs. 3 DSGVO Ihre einmal erteilte Einwilligung jederzeit zu widerrufen,<\/li>\n<li data-start=\"4558\" data-end=\"4731\">sowie gem\u00e4\u00df Art. 77 DSGVO sich bei einer Aufsichtsbeh\u00f6rde zu beschweren, wenn Sie der Ansicht sind, dass die Verarbeitung Ihrer personenbezogenen Daten rechtswidrig erfolgt.<\/li>\n<\/ul>\n<h6>7. Dauer der Speicherung personenbezogener Daten<\/h6>\n<p>Die Dauer der Speicherung von personenbezogenen Daten bemisst sich anhand der jeweiligen gesetzlichen Aufbewahrungsfrist (z.B. handels- und steuerrechtliche Aufbewahrungsfristen). Nach Ablauf der Frist werden die entsprechenden Daten routinem\u00e4\u00dfig gel\u00f6scht, sofern sie nicht mehr zur Vertragserf\u00fcllung oder Vertragsanbahnung erforderlich sind und\/oder unsererseits kein berechtigtes Interesse an der Weiterspeicherung fortbesteht.<\/p>\n<\/div><\/section><\/div><\/p>\n","protected":false},"excerpt":{"rendered":"","protected":false},"author":1,"featured_media":0,"parent":0,"menu_order":0,"comment_status":"open","ping_status":"open","template":"","meta":{"footnotes":""},"class_list":["post-1255","page","type-page","status-publish","hentry"],"_links":{"self":[{"href":"https:\/\/rau.design\/index.php\/wp-json\/wp\/v2\/pages\/1255","targetHints":{"allow":["GET"]}}],"collection":[{"href":"https:\/\/rau.design\/index.php\/wp-json\/wp\/v2\/pages"}],"about":[{"href":"https:\/\/rau.design\/index.php\/wp-json\/wp\/v2\/types\/page"}],"author":[{"embeddable":true,"href":"https:\/\/rau.design\/index.php\/wp-json\/wp\/v2\/users\/1"}],"replies":[{"embeddable":true,"href":"https:\/\/rau.design\/index.php\/wp-json\/wp\/v2\/comments?post=1255"}],"version-history":[{"count":38,"href":"https:\/\/rau.design\/index.php\/wp-json\/wp\/v2\/pages\/1255\/revisions"}],"predecessor-version":[{"id":1842,"href":"https:\/\/rau.design\/index.php\/wp-json\/wp\/v2\/pages\/1255\/revisions\/1842"}],"wp:attachment":[{"href":"https:\/\/rau.design\/index.php\/wp-json\/wp\/v2\/media?parent=1255"}],"curies":[{"name":"wp","href":"https:\/\/api.w.org\/{rel}","templated":true}]}}