{"id":1538,"date":"2025-11-10T08:50:30","date_gmt":"2025-11-10T08:50:30","guid":{"rendered":"https:\/\/rau.design\/?page_id=1538"},"modified":"2026-02-24T09:32:55","modified_gmt":"2026-02-24T09:32:55","slug":"services-3","status":"publish","type":"page","link":"https:\/\/rau.design\/index.php\/services-3\/","title":{"rendered":"Fotografie"},"content":{"rendered":"<div  class='flex_column av-1xrdzx-48f63d5fc12728deacc5042aa17f9421 av_one_full  avia-builder-el-0  el_before_av_slideshow_full  avia-builder-el-no-sibling  first flex_column_div  '     ><\/div>\n<\/div><\/div><\/div><!-- close content main div --><\/div><\/div><div id='full_slider_1'  class='avia-fullwidth-slider main_color avia-shadow   avia-builder-el-1  el_after_av_one_full  el_before_av_icongrid   slider-not-first container_wrap fullsize'  >\n<style type=\"text\/css\" data-created_by=\"avia_inline_auto\" id=\"style-css-av-mfr9f08q-96d6271ac733ed6db2f2e75a0c18b039\">\n#top #wrap_all .avia-slideshow .av-slideshow-caption.av-mfr9f08q-96d6271ac733ed6db2f2e75a0c18b039__0 .avia-caption-title{\nfont-size:35px;\n}\n#top .avia-slideshow .av-slideshow-caption.av-mfr9f08q-96d6271ac733ed6db2f2e75a0c18b039__0 .avia-caption-content{\nfont-size:18px;\n}\n#top .avia-slideshow .av-slideshow-caption.av-mfr9f08q-96d6271ac733ed6db2f2e75a0c18b039__0 .avia-caption-content p{\nfont-size:18px;\n}\n\n@media only screen and (max-width: 479px){ \n#top #wrap_all .avia-slideshow .av-slideshow-caption.av-mfr9f08q-96d6271ac733ed6db2f2e75a0c18b039__0 .avia-caption-title{\nfont-size:13px;\n}\n#top .avia-slideshow .av-slideshow-caption.av-mfr9f08q-96d6271ac733ed6db2f2e75a0c18b039__0 .avia-caption-content{\nfont-size:10px;\n}\n#top .avia-slideshow .av-slideshow-caption.av-mfr9f08q-96d6271ac733ed6db2f2e75a0c18b039__0 .avia-caption-content p{\nfont-size:10px;\n}\n}\n<\/style>\n<div  class='avia-slideshow av-mfr9f08q-96d6271ac733ed6db2f2e75a0c18b039 avia-slideshow-featured av_slideshow_full avia-fade-slider av-slideshow-ui av-control-default av-slideshow-manual av-loop-once av-loop-manual-endless av-default-height-applied   avia-slideshow-1' data-slideshow-options=\"{&quot;animation&quot;:&quot;fade&quot;,&quot;autoplay&quot;:false,&quot;loop_autoplay&quot;:&quot;once&quot;,&quot;interval&quot;:5,&quot;loop_manual&quot;:&quot;manual-endless&quot;,&quot;autoplay_stopper&quot;:false,&quot;noNavigation&quot;:false,&quot;bg_slider&quot;:false,&quot;keep_padding&quot;:false,&quot;hoverpause&quot;:false,&quot;show_slide_delay&quot;:0}\"  itemprop=\"image\" itemscope=\"itemscope\" itemtype=\"https:\/\/schema.org\/ImageObject\" ><ul class='avia-slideshow-inner ' style='padding-bottom: 28.666666666667%;'><li  class='avia-slideshow-slide av-mfr9f08q-96d6271ac733ed6db2f2e75a0c18b039__0  av-single-slide slide-1 slide-odd'><div data-rel='slideshow-1' class='avia-slide-wrap '   ><div class='av-slideshow-caption av-mfr9f08q-96d6271ac733ed6db2f2e75a0c18b039__0 caption_fullwidth caption_right caption_right_framed caption_framed'><div class=\"container caption_container\"><div class=\"slideshow_caption\"><div class=\"slideshow_inner_caption\"><div class=\"slideshow_align_caption\"><h2 class='avia-caption-title '  itemprop=\"name\" >DAS AUGE <br \/>MACHT DAS BILD, <br \/> NICHT DIE KAMERA<\/h2><div class='avia-caption-content '  itemprop=\"description\" ><p>&#8211; Gis\u00e9le Freund<\/p>\n<\/div><\/div><\/div><\/div><\/div><\/div><img decoding=\"async\" fetchpriority=\"high\" class=\"wp-image-1441 avia-img-lazy-loading-not-1441\"  src=\"https:\/\/rau.design\/wp-content\/uploads\/2025\/09\/Titelbild-Fotografie-3-1500x430.png\" width=\"1500\" height=\"430\" title='Titelbild Fotografie' alt=''  itemprop=\"thumbnailUrl\"  style='min-height:225; min-width:785px; ' \/><\/div><\/li><\/ul><\/div><\/div><div id='after_full_slider_1'  class='main_color av_default_container_wrap container_wrap fullsize'  ><div class='container av-section-cont-open' ><div class='template-page content  av-content-full alpha units'><div class='post-entry post-entry-type-page post-entry-1538'><div class='entry-content-wrapper clearfix'>\n\n<style type=\"text\/css\" data-created_by=\"avia_inline_auto\" id=\"style-css-av-mhknb2or-feb456a4a7242a45216bd61aa30b057c\">\n.avia-icon-grid-container.av-mhknb2or-feb456a4a7242a45216bd61aa30b057c .avia-icongrid{\njustify-content:space-between;\n}\n<\/style>\n<div  class='avia-icon-grid-container av-mhknb2or-feb456a4a7242a45216bd61aa30b057c  avia-builder-el-2  el_after_av_slideshow_full  el_before_av_hr  avia-builder-el-first ' ><ul id='avia-icongrid-69dab41723ad1' class='avia-icongrid clearfix avia_animate_when_almost_visible avia-icongrid-flipbox avia-icongrid-numrow-3 avia-cell-space-between av-flex-cells av-break-767 av-can-break-50'>\n<li class='av-icon-cell-item av-row-with-3-cells av-row-nr-1 av-cell-1 av-first-cell-row av-first-cell-item'><div class='avia-icongrid-wrapper av-mhkn6q2i-dce11002d7dd2625ad5ee789117701fa'><article class='article-icon-entry '  itemscope=\"itemscope\" itemtype=\"https:\/\/schema.org\/CreativeWork\" ><div class='avia-icongrid-front '><div class=\"avia-icongrid-inner\"><div class='avia-icongrid-icon'><span class='icongrid-char avia-iconfont avia-font-entypo-fontello' data-av_icon='\ue860' data-av_iconfont='entypo-fontello' ><\/span><\/div><header class=\"entry-content-header\" aria-label=\"Icon: Produktfotos\"><h4 class='av_icongrid_title icongrid_title '  itemprop=\"headline\" >Produktfotos<\/h4><\/header><\/div><\/div><div class='avia-icongrid-flipback '><div class=\"avia-icongrid-inner\"><div class='avia-icongrid-text'  itemprop=\"text\" ><p style=\"text-align: center;\">Ich bringe deine Produkte<br \/>\nins Rampenlicht!<\/p>\n<\/div><\/div><\/div><\/article><\/div><\/li>\n<li class='av-icon-cell-item av-row-with-3-cells av-row-nr-1 av-cell-2 av-first-cell-row av-inner-cell-item'><div class='avia-icongrid-wrapper av-mhkna3o8-6d37684159486a8c846beefbac3a3a8a'><article class='article-icon-entry '  itemscope=\"itemscope\" itemtype=\"https:\/\/schema.org\/CreativeWork\" ><div class='avia-icongrid-front '><div class=\"avia-icongrid-inner\"><div class='avia-icongrid-icon'><span class='icongrid-char avia-svg-icon avia-font-svg_entypo-fontello' data-av_svg_icon='rocket' data-av_iconset='svg_entypo-fontello'><svg version=\"1.1\" xmlns=\"http:\/\/www.w3.org\/2000\/svg\" width=\"28\" height=\"32\" viewBox=\"0 0 28 32\" preserveAspectRatio=\"xMidYMid meet\" aria-labelledby='av-svg-title-1' aria-describedby='av-svg-desc-1' role=\"graphics-symbol\">\n<title id='av-svg-title-1'>Rocket<\/title>\n<desc id='av-svg-desc-1'>Rocket<\/desc>\n<path d=\"M17.376 19.648q0.192 1.6 0.256 2.592t-0.256 1.888-0.416 1.28-1.12 1.024-1.44 0.832-2.24 0.992-2.72 1.184q-1.024 0.384-1.44-0.128t-0.096-1.408l1.28-3.52-4.16-4.224-3.392 1.28q-0.896 0.384-1.376-0.064t-0.096-1.472q0.384-0.96 0.992-2.528t0.864-2.080 0.704-1.44 0.8-1.152 0.928-0.64 1.312-0.416h1.664t2.272 0.192q0.32-0.448 0.928-1.248t2.464-2.72 3.776-3.328 4.64-2.4 5.28-0.608q0.256 0 0.448 0.192 0.128 0.128 0.192 0.448 0.32 2.624-0.576 5.376t-2.432 4.832-3.136 3.776-2.752 2.592zM18.976 10.176q0.704 0.704 1.728 0.704t1.728-0.704q0.704-0.768 0.704-1.792t-0.704-1.792q-0.704-0.704-1.728-0.704t-1.728 0.704q-0.704 0.768-0.704 1.792t0.704 1.792z\"><\/path>\n<\/svg><\/span><\/div><header class=\"entry-content-header\" aria-label=\"Icon: Unternehmensfotografie\"><h4 class='av_icongrid_title icongrid_title '  itemprop=\"headline\" >Unternehmensfotografie<\/h4><\/header><\/div><\/div><div class='avia-icongrid-flipback '><div class=\"avia-icongrid-inner\"><div class='avia-icongrid-text'  itemprop=\"text\" ><p style=\"text-align: center;\">Ich mache authentische Businessfotos,<br \/>\nMitarbeiterportr\u00e4ts, Personal Branding<br \/>\nund Marketingbilder.<\/p>\n<\/div><\/div><\/div><\/article><\/div><\/li>\n<li class='av-icon-cell-item av-row-with-3-cells av-row-nr-1 av-cell-3 av-first-cell-row av-last-cell-item'><div class='avia-icongrid-wrapper av-mhknamc5-9533402c50dd896771a11857fd1ecb45'><article class='article-icon-entry '  itemscope=\"itemscope\" itemtype=\"https:\/\/schema.org\/CreativeWork\" ><div class='avia-icongrid-front '><div class=\"avia-icongrid-inner\"><div class='avia-icongrid-icon'><span class='icongrid-char avia-iconfont avia-font-entypo-fontello' data-av_icon='\ue806' data-av_iconfont='entypo-fontello' ><\/span><\/div><header class=\"entry-content-header\" aria-label=\"Icon: Baby- &amp; Familienfotografie\"><h4 class='av_icongrid_title icongrid_title '  itemprop=\"headline\" >Baby- &amp; Familienfotografie<\/h4><\/header><\/div><\/div><div class='avia-icongrid-flipback '><div class=\"avia-icongrid-inner\"><div class='avia-icongrid-text'  itemprop=\"text\" ><p style=\"text-align: center;\">Ich halte deine wichtigen<br \/>\nMomente in Bildern fest.<\/p>\n<\/div><\/div><\/div><\/article><\/div><\/li>\n<\/ul><\/div>\n<div  class='hr av-2hw9te-c1d2c670499ec70d1da977bbd222b822 hr-default  avia-builder-el-3  el_after_av_icongrid  el_before_av_one_full '><span class='hr-inner '><span class=\"hr-inner-style\"><\/span><\/span><\/div>\n<div  class='flex_column av-34fyhu-45e47baf46e69ade5032be7d50f8238d av_one_full  avia-builder-el-4  el_after_av_hr  el_before_av_one_fifth  first flex_column_div  '     ><\/div>\n<div  class='flex_column av-a9acv6-055e27215ce1dbe83dd882701fc380b8 av_one_fifth  avia-builder-el-5  el_after_av_one_full  el_before_av_three_fifth  first flex_column_div  column-top-margin'     ><\/div>\n<div  class='flex_column av-9wpoki-1549eb8e7d4fefc68a05ec2c70f77ccd av_three_fifth  avia-builder-el-6  el_after_av_one_fifth  el_before_av_one_fifth  flex_column_div  column-top-margin'     ><style type=\"text\/css\" data-created_by=\"avia_inline_auto\" id=\"style-css-av-8u4rna-15dff7d0329bf3127f8873ba38d0ad0c\">\n#top .av-special-heading.av-8u4rna-15dff7d0329bf3127f8873ba38d0ad0c{\npadding-bottom:20px;\n}\nbody .av-special-heading.av-8u4rna-15dff7d0329bf3127f8873ba38d0ad0c .av-special-heading-tag .heading-char{\nfont-size:25px;\n}\n.av-special-heading.av-8u4rna-15dff7d0329bf3127f8873ba38d0ad0c .av-subheading{\nfont-size:15px;\n}\n<\/style>\n<div  class='av-special-heading av-8u4rna-15dff7d0329bf3127f8873ba38d0ad0c av-special-heading-h1 blockquote modern-quote  avia-builder-el-7  avia-builder-el-no-sibling '><h1 class='av-special-heading-tag '  itemprop=\"headline\"  >Say cheeeese!<\/h1><div class=\"special-heading-border\"><div class=\"special-heading-inner-border\"><\/div><\/div><\/div><\/div>\n<div  class='flex_column av-6zs8wy-38e7548b4e9c05cc83ee94acdda4fa16 av_one_fifth  avia-builder-el-8  el_after_av_three_fifth  el_before_av_one_fifth  flex_column_div  column-top-margin'     ><\/div>\n<div  class='flex_column av-5moude-ba108a8109e323cef1309b8e9d54e5f3 av_one_fifth  avia-builder-el-9  el_after_av_one_fifth  el_before_av_three_fifth  first flex_column_div  column-top-margin'     ><\/div>\n<div  class='flex_column av-4i281u-a7d6bb76742e7f09783c651165c84e1e av_three_fifth  avia-builder-el-10  el_after_av_one_fifth  el_before_av_one_fifth  flex_column_div  column-top-margin'     ><section  class='av_textblock_section av-8d4gfq-03a73093a87c3aee74a4e90444afdbc3 '   itemscope=\"itemscope\" itemtype=\"https:\/\/schema.org\/CreativeWork\" ><div class='avia_textblock av_inherit_color'  itemprop=\"text\" ><p style=\"text-align: left;\" data-start=\"737\" data-end=\"951\">\n<p style=\"text-align: left;\" data-start=\"953\" data-end=\"1084\">Mein Ziel sind Bilder, die ber\u00fchren, Pers\u00f6nlichkeit zeigen und Geschichten erz\u00e4hlen.<\/p>\n<p style=\"text-align: left;\" data-start=\"430\" data-end=\"735\">Im gesch\u00e4ftlichen Bereich stehe ich Dir mit Mitarbeiter:innen-, Produkt- &#038; Unternehmensfotografie zur Seite. Mir ist wichtig, dass die Bilder authentisch, sympathisch und professionell wirken und Charakter haben. So entsteht ein ehrlicher Eindruck, der bleibt \u2013 egal ob f\u00fcr Social Media, Printprodukte oder Verpackungen.<\/p>\n<p style=\"text-align: left;\" data-start=\"737\" data-end=\"951\">Im privaten Bereich fotografiere ich mit viel Geduld und Gef\u00fchl Neugeborene und nat\u00fcrlich auch gleich die ganze Familie. Ich halte die kleinen, echten Augenblicke fest so, wie sie passieren: nat\u00fcrlich und ohne viel Inszenierung.<\/p>\n<\/div><\/section><\/div>\n<div  class='flex_column av-2g0442-8653976a517b742de6af4cec8305dac7 av_one_fifth  avia-builder-el-12  el_after_av_three_fifth  el_before_av_slideshow  flex_column_div  column-top-margin'     ><\/div>\n<div  class='avia-slideshow av-mhv1un58-f42925b59a1984fe1e1d772924ff656a avia-slideshow-no scaling av_slideshow avia-slide-slider  avia-builder-el-13  el_after_av_one_fifth  el_before_av_one_full  av-slideshow-ui av-control-default av-slideshow-manual av-loop-once av-loop-manual-endless av-default-height-applied avia-slideshow-2' data-slideshow-options=\"{&quot;animation&quot;:&quot;slide&quot;,&quot;autoplay&quot;:false,&quot;loop_autoplay&quot;:&quot;once&quot;,&quot;interval&quot;:5,&quot;loop_manual&quot;:&quot;manual-endless&quot;,&quot;autoplay_stopper&quot;:false,&quot;noNavigation&quot;:false,&quot;bg_slider&quot;:false,&quot;keep_padding&quot;:false,&quot;hoverpause&quot;:false,&quot;show_slide_delay&quot;:0}\"  itemprop=\"image\" itemscope=\"itemscope\" itemtype=\"https:\/\/schema.org\/ImageObject\" ><ul class='avia-slideshow-inner ' style='padding-bottom: 74.976569821931%;'><li  class='avia-slideshow-slide av-mhv1un58-f42925b59a1984fe1e1d772924ff656a__0  slide-1 slide-odd'><div data-rel='slideshow-2' class='avia-slide-wrap '   ><img decoding=\"async\" fetchpriority=\"high\" class=\"wp-image-1845 avia-img-lazy-loading-not-1845\"  src=\"https:\/\/rau.design\/wp-content\/uploads\/2025\/11\/Fotografie-Bilder-2.png\" width=\"1067\" height=\"800\" title='Fotografie-Bilder' alt=''  itemprop=\"thumbnailUrl\" srcset=\"https:\/\/rau.design\/wp-content\/uploads\/2025\/11\/Fotografie-Bilder-2.png 1067w, https:\/\/rau.design\/wp-content\/uploads\/2025\/11\/Fotografie-Bilder-2-300x225.png 300w, https:\/\/rau.design\/wp-content\/uploads\/2025\/11\/Fotografie-Bilder-2-1030x772.png 1030w, https:\/\/rau.design\/wp-content\/uploads\/2025\/11\/Fotografie-Bilder-2-768x576.png 768w, https:\/\/rau.design\/wp-content\/uploads\/2025\/11\/Fotografie-Bilder-2-705x529.png 705w\" sizes=\"(max-width: 1067px) 100vw, 1067px\" \/><\/div><\/li><li  class='avia-slideshow-slide av-mhv1un58-f42925b59a1984fe1e1d772924ff656a__1  slide-2 slide-even'><div data-rel='slideshow-2' class='avia-slide-wrap '   ><img decoding=\"async\" fetchpriority=\"high\" class=\"wp-image-1910 avia-img-lazy-loading-not-1910\"  src=\"https:\/\/rau.design\/wp-content\/uploads\/2026\/02\/Fotografie-Bilder2-2.png\" width=\"1067\" height=\"800\" title='Fotografie-Bilder2' alt=''  itemprop=\"thumbnailUrl\" srcset=\"https:\/\/rau.design\/wp-content\/uploads\/2026\/02\/Fotografie-Bilder2-2.png 1067w, https:\/\/rau.design\/wp-content\/uploads\/2026\/02\/Fotografie-Bilder2-2-300x225.png 300w, https:\/\/rau.design\/wp-content\/uploads\/2026\/02\/Fotografie-Bilder2-2-1030x772.png 1030w, https:\/\/rau.design\/wp-content\/uploads\/2026\/02\/Fotografie-Bilder2-2-768x576.png 768w, https:\/\/rau.design\/wp-content\/uploads\/2026\/02\/Fotografie-Bilder2-2-705x529.png 705w\" sizes=\"(max-width: 1067px) 100vw, 1067px\" \/><\/div><\/li><li  class='avia-slideshow-slide av-mhv1un58-f42925b59a1984fe1e1d772924ff656a__2  slide-3 slide-odd'><div data-rel='slideshow-2' class='avia-slide-wrap '   ><img decoding=\"async\" fetchpriority=\"high\" class=\"wp-image-1907 avia-img-lazy-loading-not-1907\"  src=\"https:\/\/rau.design\/wp-content\/uploads\/2026\/02\/Fotografie-Bilder3-1.png\" width=\"1067\" height=\"800\" title='Fotografie-Bilder3' alt=''  itemprop=\"thumbnailUrl\" srcset=\"https:\/\/rau.design\/wp-content\/uploads\/2026\/02\/Fotografie-Bilder3-1.png 1067w, https:\/\/rau.design\/wp-content\/uploads\/2026\/02\/Fotografie-Bilder3-1-300x225.png 300w, https:\/\/rau.design\/wp-content\/uploads\/2026\/02\/Fotografie-Bilder3-1-1030x772.png 1030w, https:\/\/rau.design\/wp-content\/uploads\/2026\/02\/Fotografie-Bilder3-1-768x576.png 768w, https:\/\/rau.design\/wp-content\/uploads\/2026\/02\/Fotografie-Bilder3-1-705x529.png 705w\" sizes=\"(max-width: 1067px) 100vw, 1067px\" \/><\/div><\/li><li  class='avia-slideshow-slide av-mhv1un58-f42925b59a1984fe1e1d772924ff656a__3  slide-4 slide-even'><div data-rel='slideshow-2' class='avia-slide-wrap '   ><img decoding=\"async\" fetchpriority=\"high\" class=\"wp-image-1925 avia-img-lazy-loading-not-1925\"  src=\"https:\/\/rau.design\/wp-content\/uploads\/2026\/02\/Fotografie-Bilder6.jpg\" width=\"1067\" height=\"800\" title='Fotografie-Bilder6' alt=''  itemprop=\"thumbnailUrl\" srcset=\"https:\/\/rau.design\/wp-content\/uploads\/2026\/02\/Fotografie-Bilder6.jpg 1067w, https:\/\/rau.design\/wp-content\/uploads\/2026\/02\/Fotografie-Bilder6-300x225.jpg 300w, https:\/\/rau.design\/wp-content\/uploads\/2026\/02\/Fotografie-Bilder6-1030x772.jpg 1030w, https:\/\/rau.design\/wp-content\/uploads\/2026\/02\/Fotografie-Bilder6-768x576.jpg 768w, https:\/\/rau.design\/wp-content\/uploads\/2026\/02\/Fotografie-Bilder6-705x529.jpg 705w\" sizes=\"(max-width: 1067px) 100vw, 1067px\" \/><\/div><\/li><li  class='avia-slideshow-slide av-mhv1un58-f42925b59a1984fe1e1d772924ff656a__4  slide-5 slide-odd'><div data-rel='slideshow-2' class='avia-slide-wrap '   ><img decoding=\"async\" fetchpriority=\"high\" class=\"wp-image-1926 avia-img-lazy-loading-not-1926\"  src=\"https:\/\/rau.design\/wp-content\/uploads\/2026\/02\/Fotografie-Bilder7.jpg\" width=\"1067\" height=\"800\" title='Fotografie-Bilder7' alt=''  itemprop=\"thumbnailUrl\" srcset=\"https:\/\/rau.design\/wp-content\/uploads\/2026\/02\/Fotografie-Bilder7.jpg 1067w, https:\/\/rau.design\/wp-content\/uploads\/2026\/02\/Fotografie-Bilder7-300x225.jpg 300w, https:\/\/rau.design\/wp-content\/uploads\/2026\/02\/Fotografie-Bilder7-1030x772.jpg 1030w, https:\/\/rau.design\/wp-content\/uploads\/2026\/02\/Fotografie-Bilder7-768x576.jpg 768w, https:\/\/rau.design\/wp-content\/uploads\/2026\/02\/Fotografie-Bilder7-705x529.jpg 705w\" sizes=\"(max-width: 1067px) 100vw, 1067px\" \/><\/div><\/li><\/ul><div class='avia-slideshow-arrows avia-slideshow-controls' ><a href='#prev' class='prev-slide  avia-svg-icon avia-font-svg_entypo-fontello' data-av_svg_icon='left-open-big' data-av_iconset='svg_entypo-fontello' tabindex='-1' title=\"Previous\"><svg version=\"1.1\" xmlns=\"http:\/\/www.w3.org\/2000\/svg\" width=\"15\" height=\"32\" viewBox=\"0 0 15 32\" preserveAspectRatio=\"xMidYMid meet\" aria-labelledby='av-svg-title-2' aria-describedby='av-svg-desc-2' role=\"graphics-symbol\" aria-hidden=\"true\">\n<title id='av-svg-title-2'>Previous<\/title>\n<desc id='av-svg-desc-2'>Previous<\/desc>\n<path d=\"M14.464 27.84q0.832 0.832 0 1.536-0.832 0.832-1.536 0l-12.544-12.608q-0.768-0.768 0-1.6l12.544-12.608q0.704-0.832 1.536 0 0.832 0.704 0 1.536l-11.456 11.904z\"><\/path>\n<\/svg><span class='avia_hidden_link_text'>Previous<\/span><\/a><a href='#next' class='next-slide  avia-svg-icon avia-font-svg_entypo-fontello' data-av_svg_icon='right-open-big' data-av_iconset='svg_entypo-fontello' tabindex='-1' title=\"Next\"><svg version=\"1.1\" xmlns=\"http:\/\/www.w3.org\/2000\/svg\" width=\"15\" height=\"32\" viewBox=\"0 0 15 32\" preserveAspectRatio=\"xMidYMid meet\" aria-labelledby='av-svg-title-3' aria-describedby='av-svg-desc-3' role=\"graphics-symbol\" aria-hidden=\"true\">\n<title id='av-svg-title-3'>Next<\/title>\n<desc id='av-svg-desc-3'>Next<\/desc>\n<path d=\"M0.416 27.84l11.456-11.84-11.456-11.904q-0.832-0.832 0-1.536 0.832-0.832 1.536 0l12.544 12.608q0.768 0.832 0 1.6l-12.544 12.608q-0.704 0.832-1.536 0-0.832-0.704 0-1.536z\"><\/path>\n<\/svg><span class='avia_hidden_link_text'>Next<\/span><\/a><\/div><div class='avia-slideshow-dots avia-slideshow-controls'><a href='#1' class='goto-slide active' >1<\/a><a href='#2' class='goto-slide ' >2<\/a><a href='#3' class='goto-slide ' >3<\/a><a href='#4' class='goto-slide ' >4<\/a><a href='#5' class='goto-slide ' >5<\/a><\/div><\/div>\n<div  class='flex_column av-3nronh-db6a1e773d51c9fff765e2ee16d362d9 av_one_full  avia-builder-el-14  el_after_av_slideshow  el_before_av_hr  first flex_column_div  '     ><\/div>\n<div  class='hr av-27gyvh-1e370f7416c23b98ab17b6f3da3fd22a hr-default  avia-builder-el-15  el_after_av_one_full  avia-builder-el-last '><span class='hr-inner '><span class=\"hr-inner-style\"><\/span><\/span><\/div>\n","protected":false},"excerpt":{"rendered":"","protected":false},"author":1,"featured_media":0,"parent":0,"menu_order":0,"comment_status":"closed","ping_status":"closed","template":"","meta":{"footnotes":""},"class_list":["post-1538","page","type-page","status-publish","hentry"],"_links":{"self":[{"href":"https:\/\/rau.design\/index.php\/wp-json\/wp\/v2\/pages\/1538","targetHints":{"allow":["GET"]}}],"collection":[{"href":"https:\/\/rau.design\/index.php\/wp-json\/wp\/v2\/pages"}],"about":[{"href":"https:\/\/rau.design\/index.php\/wp-json\/wp\/v2\/types\/page"}],"author":[{"embeddable":true,"href":"https:\/\/rau.design\/index.php\/wp-json\/wp\/v2\/users\/1"}],"replies":[{"embeddable":true,"href":"https:\/\/rau.design\/index.php\/wp-json\/wp\/v2\/comments?post=1538"}],"version-history":[{"count":66,"href":"https:\/\/rau.design\/index.php\/wp-json\/wp\/v2\/pages\/1538\/revisions"}],"predecessor-version":[{"id":1927,"href":"https:\/\/rau.design\/index.php\/wp-json\/wp\/v2\/pages\/1538\/revisions\/1927"}],"wp:attachment":[{"href":"https:\/\/rau.design\/index.php\/wp-json\/wp\/v2\/media?parent=1538"}],"curies":[{"name":"wp","href":"https:\/\/api.w.org\/{rel}","templated":true}]}}