{"id":1714,"date":"2025-11-11T08:37:05","date_gmt":"2025-11-11T08:37:05","guid":{"rendered":"https:\/\/rau.design\/?page_id=1714"},"modified":"2025-11-16T22:08:29","modified_gmt":"2025-11-16T22:08:29","slug":"home-2","status":"publish","type":"page","link":"https:\/\/rau.design\/index.php\/home-2\/","title":{"rendered":"\u00fcber mich"},"content":{"rendered":"<div  class='flex_column av-9mip2-db24963a1ca9b92b3a661f92ee1db17c av_one_full  avia-builder-el-0  el_before_av_slideshow_full  avia-builder-el-no-sibling  first flex_column_div  '     ><\/div>\n<\/div><\/div><\/div><!-- close content main div --><\/div><\/div><div id='full_slider_1'  class='avia-fullwidth-slider main_color avia-shadow   avia-builder-el-1  el_after_av_one_full  el_before_av_one_full   slider-not-first container_wrap fullsize'  >\n<style type=\"text\/css\" data-created_by=\"avia_inline_auto\" id=\"style-css-av-79sdxq-e868d00e629d85e0a7a00450d317acfe\">\n#top #wrap_all .avia-slideshow .av-slideshow-caption.av-79sdxq-e868d00e629d85e0a7a00450d317acfe__0 .avia-caption-title{\nfont-size:35px;\ncolor:#ffffff;\n}\n#top .avia-slideshow .av-slideshow-caption.av-79sdxq-e868d00e629d85e0a7a00450d317acfe__0 .avia-caption-content{\nfont-size:18px;\ncolor:#ffffff;\n}\n#top .avia-slideshow .av-slideshow-caption.av-79sdxq-e868d00e629d85e0a7a00450d317acfe__0 .avia-caption-content p{\nfont-size:18px;\n}\n\n@media only screen and (max-width: 479px){ \n#top #wrap_all .avia-slideshow .av-slideshow-caption.av-79sdxq-e868d00e629d85e0a7a00450d317acfe__0 .avia-caption-title{\nfont-size:13px;\n}\n#top .avia-slideshow .av-slideshow-caption.av-79sdxq-e868d00e629d85e0a7a00450d317acfe__0 .avia-caption-content{\nfont-size:10px;\n}\n#top .avia-slideshow .av-slideshow-caption.av-79sdxq-e868d00e629d85e0a7a00450d317acfe__0 .avia-caption-content p{\nfont-size:10px;\n}\n}\n<\/style>\n<div  class='avia-slideshow av-79sdxq-e868d00e629d85e0a7a00450d317acfe avia-slideshow-featured av_slideshow_full avia-fade-slider av-slideshow-ui av-control-minimal av-slideshow-manual av-loop-once av-loop-manual-endless av-default-height-applied   avia-slideshow-1' data-slideshow-options=\"{&quot;animation&quot;:&quot;fade&quot;,&quot;autoplay&quot;:false,&quot;loop_autoplay&quot;:&quot;once&quot;,&quot;interval&quot;:5,&quot;loop_manual&quot;:&quot;manual-endless&quot;,&quot;autoplay_stopper&quot;:false,&quot;noNavigation&quot;:false,&quot;bg_slider&quot;:false,&quot;keep_padding&quot;:false,&quot;hoverpause&quot;:false,&quot;show_slide_delay&quot;:0}\"  itemprop=\"image\" itemscope=\"itemscope\" itemtype=\"https:\/\/schema.org\/ImageObject\" ><ul class='avia-slideshow-inner ' style='padding-bottom: 28.666666666667%;'><li  class='avia-slideshow-slide av-79sdxq-e868d00e629d85e0a7a00450d317acfe__0  av-single-slide slide-1 slide-odd'><div data-rel='slideshow-1' class='avia-slide-wrap '   ><div class='av-slideshow-caption av-79sdxq-e868d00e629d85e0a7a00450d317acfe__0 caption_fullwidth caption_left caption_left_framed caption_framed'><div class=\"container caption_container\"><div class=\"slideshow_caption\"><div class=\"slideshow_inner_caption\"><div class=\"slideshow_align_caption\"><h2 class='avia-caption-title '  itemprop=\"name\" >NICE TO MEET YOU :)<\/h2><\/div><\/div><\/div><\/div><\/div><img decoding=\"async\" fetchpriority=\"high\" class=\"wp-image-1600 avia-img-lazy-loading-not-1600\"  src=\"https:\/\/rau.design\/wp-content\/uploads\/2025\/11\/Titel-Impressum-1500x430.png\" width=\"1500\" height=\"430\" title='Titel-Impressum' alt=''  itemprop=\"thumbnailUrl\"  style='min-height:225; min-width:785px; ' \/><\/div><\/li><\/ul><\/div><\/div><div id='after_full_slider_1'  class='main_color av_default_container_wrap container_wrap fullsize'  ><div class='container av-section-cont-open' ><div class='template-page content  av-content-full alpha units'><div class='post-entry post-entry-type-page post-entry-1714'><div class='entry-content-wrapper clearfix'>\n\n<style type=\"text\/css\" data-created_by=\"avia_inline_auto\" id=\"style-css-av-1p62um-34d73108254ce6fc423bbc30a7820e85\">\n.flex_column.av-1p62um-34d73108254ce6fc423bbc30a7820e85{\nborder-radius:0px 0px 0px 0px;\npadding:0px 0px 0px 0px;\n}\n<\/style>\n<div  class='flex_column av-1p62um-34d73108254ce6fc423bbc30a7820e85 av_one_full  avia-builder-el-2  el_after_av_slideshow_full  el_before_av_one_fifth  avia-builder-el-first  first flex_column_div av-animated-generic bottom-to-top av-zero-column-padding  '     ><p><br \/>\n\n<style type=\"text\/css\" data-created_by=\"avia_inline_auto\" id=\"style-css-av-83wna-f854f93c15eea2541e145e89a757973d\">\n#top .av-special-heading.av-83wna-f854f93c15eea2541e145e89a757973d{\npadding-bottom:10px;\n}\nbody .av-special-heading.av-83wna-f854f93c15eea2541e145e89a757973d .av-special-heading-tag .heading-char{\nfont-size:25px;\n}\n.av-special-heading.av-83wna-f854f93c15eea2541e145e89a757973d .av-subheading{\nfont-size:15px;\n}\n<\/style>\n<div  class='av-special-heading av-83wna-f854f93c15eea2541e145e89a757973d av-special-heading-h1 blockquote modern-quote modern-centered  avia-builder-el-4  el_after_av_heading  avia-builder-el-last '><h1 class='av-special-heading-tag '  itemprop=\"headline\"  >Hallo, ich bin Eva Rauer<\/h1><div class=\"special-heading-border\"><div class=\"special-heading-inner-border\"><\/div><\/div><\/div><\/p><\/div>\n<div  class='flex_column av-1trd36-6bd9e3d5d824cd029b061e15a77f733c av_one_fifth  avia-builder-el-5  el_after_av_one_full  el_before_av_one_third  first flex_column_div  column-top-margin'     ><\/div>\n\n<style type=\"text\/css\" data-created_by=\"avia_inline_auto\" id=\"style-css-av-4khgma-62730bd80e1a6635463692111aa22f5c\">\n.flex_column.av-4khgma-62730bd80e1a6635463692111aa22f5c{\nborder-radius:0px 0px 0px 0px;\npadding:0px 0px 0px 0px;\n}\n<\/style>\n<div  class='flex_column av-4khgma-62730bd80e1a6635463692111aa22f5c av_one_third  avia-builder-el-6  el_after_av_one_fifth  el_before_av_one_fourth  flex_column_div av-animated-generic bottom-to-top av-zero-column-padding  column-top-margin'     ><p>\n<style type=\"text\/css\" data-created_by=\"avia_inline_auto\" id=\"style-css-av-mi29n6y8-f4808bdd5fb3ce235be6353b059add75\">\n#top .av-special-heading.av-mi29n6y8-f4808bdd5fb3ce235be6353b059add75{\npadding-bottom:10px;\nfont-size:20px;\n}\nbody .av-special-heading.av-mi29n6y8-f4808bdd5fb3ce235be6353b059add75 .av-special-heading-tag .heading-char{\nfont-size:25px;\n}\n#top #wrap_all .av-special-heading.av-mi29n6y8-f4808bdd5fb3ce235be6353b059add75 .av-special-heading-tag{\nfont-size:20px;\n}\n.av-special-heading.av-mi29n6y8-f4808bdd5fb3ce235be6353b059add75 .av-subheading{\nfont-size:15px;\n}\n\n@media only screen and (min-width: 480px) and (max-width: 767px){ \n#top #wrap_all .av-special-heading.av-mi29n6y8-f4808bdd5fb3ce235be6353b059add75 .av-special-heading-tag{\nfont-size:0.8em;\n}\n}\n\n@media only screen and (max-width: 479px){ \n#top #wrap_all .av-special-heading.av-mi29n6y8-f4808bdd5fb3ce235be6353b059add75 .av-special-heading-tag{\nfont-size:0.8em;\n}\n}\n<\/style>\n<div  class='av-special-heading av-mi29n6y8-f4808bdd5fb3ce235be6353b059add75 av-special-heading-h1 blockquote modern-quote  avia-builder-el-7  el_before_av_textblock  avia-builder-el-first  av-inherit-size'><h1 class='av-special-heading-tag '  itemprop=\"headline\"  >Ich bin Deine Kreativ-Allrounderin im Raum M\u00f6dling.<\/h1><div class=\"special-heading-border\"><div class=\"special-heading-inner-border\"><\/div><\/div><\/div><br \/>\n<section  class='av_textblock_section av-2ihx9u-2fc39de9d18083e720ecce5a61e2b2c1 '   itemscope=\"itemscope\" itemtype=\"https:\/\/schema.org\/CreativeWork\" ><div class='avia_textblock'  itemprop=\"text\" ><p><strong>Erz\u00e4hl mir mehr &#8230;<\/strong><\/p>\n<p>Mein Studium der Theater-, Film- und Medienwissenschaft an der Universit\u00e4t Wien hat mir ein tiefes Verst\u00e4ndnis f\u00fcr Bild, Inszenierung und Wirkung vermittelt. An der Graphischen Wien erlernte ich das handwerkliche K\u00f6nnen, um kreative Ideen professionell umzusetzen.<\/p>\n<p>Erg\u00e4nzend dazu habe ich an der LIK Akademie f\u00fcr Foto und Design einen Diplomlehrgang zur Fotografin absolviert. Dadurch beherrsche ich nicht nur den gestalterischen Blick, sondern auch den sicheren Umgang mit der Kamera \u2013 ein Vorteil, den ich gezielt in meine Designprojekte einflie\u00dfen lasse oder auch separat anbiete.<\/p>\n<p data-start=\"637\" data-end=\"825\">Neben meiner langj\u00e4hrigen Erfahrungen in einer Inhouse-Grafikabteilung und in einer Agentur bringe ich das n\u00f6tige Know-how mit, um Designw\u00fcnsche pr\u00e4zise, kreativ und kundenorientiert umzusetzen.<\/p>\n<p data-start=\"827\" data-end=\"1017\"><strong data-start=\"827\" data-end=\"852\">Was mich auszeichnet<\/strong><\/p>\n<p data-start=\"827\" data-end=\"1017\">Ich entwickle individuelle, auf Dich abgestimmte Designs \u2013 einzigartig, so wie Du. Kundenn\u00e4he, Verl\u00e4sslichkeit und Termintreue sind f\u00fcr mich ebenso selbstverst\u00e4ndlich wie ein offener, ehrlicher Austausch auf Augenh\u00f6he.<\/p>\n<p data-start=\"827\" data-end=\"1017\">\n<\/div><\/section><\/p><\/div>\n<style type=\"text\/css\" data-created_by=\"avia_inline_auto\" id=\"style-css-av-4tgo12-17dc7a21fab51f5511bae1010bcf036d\">\n.flex_column.av-4tgo12-17dc7a21fab51f5511bae1010bcf036d{\nborder-radius:0px 0px 0px 0px;\npadding:0px 0px 0px 0px;\n}\n<\/style>\n<div  class='flex_column av-4tgo12-17dc7a21fab51f5511bae1010bcf036d av_one_fourth  avia-builder-el-9  el_after_av_one_third  el_before_av_one_fifth  flex_column_div av-animated-generic bottom-to-top av-zero-column-padding  column-top-margin'     ><style type=\"text\/css\" data-created_by=\"avia_inline_auto\" id=\"style-css-av-4norgm-0deda2b7a8c0ee2384c4ea329ff5db37\">\n.avia-image-container.av-4norgm-0deda2b7a8c0ee2384c4ea329ff5db37 img.avia_image{\nbox-shadow:none;\n}\n.avia-image-container.av-4norgm-0deda2b7a8c0ee2384c4ea329ff5db37 .av-image-caption-overlay-center{\ncolor:#ffffff;\n}\n<\/style>\n<div  class='avia-image-container av-4norgm-0deda2b7a8c0ee2384c4ea329ff5db37 av-styling-no-styling av-hover-grow av-img-linked avia-align-center  avia-builder-el-10  avia-builder-el-no-sibling '   itemprop=\"image\" itemscope=\"itemscope\" itemtype=\"https:\/\/schema.org\/ImageObject\" ><div class=\"avia-image-container-inner\"><div class=\"avia-image-overlay-wrap\"><a href=\"https:\/\/rau.design\/index.php\/services-3\/\" class='avia_image '  aria-label='Portrait_eva Kopie'><img decoding=\"async\" fetchpriority=\"high\" class='wp-image-1552 avia-img-lazy-loading-not-1552 avia_image ' src=\"https:\/\/rau.design\/wp-content\/uploads\/2025\/11\/Portrait_eva-Kopie-755x1030.png\" alt='' title='Portrait_eva Kopie'  height=\"1030\" width=\"755\"  itemprop=\"thumbnailUrl\" srcset=\"https:\/\/rau.design\/wp-content\/uploads\/2025\/11\/Portrait_eva-Kopie-755x1030.png 755w, https:\/\/rau.design\/wp-content\/uploads\/2025\/11\/Portrait_eva-Kopie-220x300.png 220w, https:\/\/rau.design\/wp-content\/uploads\/2025\/11\/Portrait_eva-Kopie-768x1047.png 768w, https:\/\/rau.design\/wp-content\/uploads\/2025\/11\/Portrait_eva-Kopie-517x705.png 517w, https:\/\/rau.design\/wp-content\/uploads\/2025\/11\/Portrait_eva-Kopie.png 797w\" sizes=\"(max-width: 755px) 100vw, 755px\" \/><\/a><\/div><\/div><\/div><\/div><\/p>\n<div  class='flex_column av-2fe1hu-e5860d8ca65cd28e7feb5d8eeabd0fc4 av_one_fifth  avia-builder-el-11  el_after_av_one_fourth  el_before_av_one_full  flex_column_div  column-top-margin'     ><\/div>\n<div  class='flex_column av-ht1bi-4eca34158867ec4c0c3a91647070ece8 av_one_full  avia-builder-el-12  el_after_av_one_fifth  el_before_av_section  avia-builder-el-last  first flex_column_div  column-top-margin'     ><\/div>\n<\/div><\/div><\/div><!-- close content main div --><\/div><\/div>\n<style type=\"text\/css\" data-created_by=\"avia_inline_auto\" id=\"style-css-av-3irapi-a0352a24f0b91e3d91c45a4f93c50f77\">\n.avia-section.av-3irapi-a0352a24f0b91e3d91c45a4f93c50f77{\nbackground-color:#fad3db;\nbackground-image:url(https:\/\/rau.design\/wp-content\/uploads\/2025\/09\/RAU-Muster-white-1-300x74.png);\nbackground-repeat:repeat;\nbackground-position:50% 50%;\nbackground-attachment:fixed;\n}\n<\/style>\n<div id='av_section_1'  class='avia-section av-3irapi-a0352a24f0b91e3d91c45a4f93c50f77 main_color avia-section-large avia-no-border-styling  avia-builder-el-13  el_after_av_one_full  el_before_av_one_full  avia-bg-style-fixed av-minimum-height av-minimum-height-50 av-height-50  container_wrap fullsize'  data-section-bg-repeat='repeat' data-av_minimum_height_pc='50' data-av_min_height_opt='50'><div class='container av-section-cont-open' ><div class='template-page content  av-content-full alpha units'><div class='post-entry post-entry-type-page post-entry-1714'><div class='entry-content-wrapper clearfix'>\n<div  class='flex_column av-2cjda-573a573d15fcc9ef5618ecad0fb44c1b av_one_full  avia-builder-el-14  avia-builder-el-no-sibling  first flex_column_div  '     ><\/div>\n<\/div><\/div><\/div><!-- close content main div --><\/div><\/div><div id='after_section_1'  class='main_color av_default_container_wrap container_wrap fullsize'  ><div class='container av-section-cont-open' ><div class='template-page content  av-content-full alpha units'><div class='post-entry post-entry-type-page post-entry-1714'><div class='entry-content-wrapper clearfix'>\n<div  class='flex_column av-bt79a-630d78fe26727fe9687c67cc2c1a2e91 av_one_full  avia-builder-el-15  el_after_av_section  avia-builder-el-no-sibling  first flex_column_div  '     ><\/div>\n","protected":false},"excerpt":{"rendered":"","protected":false},"author":1,"featured_media":0,"parent":0,"menu_order":0,"comment_status":"open","ping_status":"closed","template":"","meta":{"footnotes":""},"class_list":["post-1714","page","type-page","status-publish","hentry"],"_links":{"self":[{"href":"https:\/\/rau.design\/index.php\/wp-json\/wp\/v2\/pages\/1714","targetHints":{"allow":["GET"]}}],"collection":[{"href":"https:\/\/rau.design\/index.php\/wp-json\/wp\/v2\/pages"}],"about":[{"href":"https:\/\/rau.design\/index.php\/wp-json\/wp\/v2\/types\/page"}],"author":[{"embeddable":true,"href":"https:\/\/rau.design\/index.php\/wp-json\/wp\/v2\/users\/1"}],"replies":[{"embeddable":true,"href":"https:\/\/rau.design\/index.php\/wp-json\/wp\/v2\/comments?post=1714"}],"version-history":[{"count":52,"href":"https:\/\/rau.design\/index.php\/wp-json\/wp\/v2\/pages\/1714\/revisions"}],"predecessor-version":[{"id":1884,"href":"https:\/\/rau.design\/index.php\/wp-json\/wp\/v2\/pages\/1714\/revisions\/1884"}],"wp:attachment":[{"href":"https:\/\/rau.design\/index.php\/wp-json\/wp\/v2\/media?parent=1714"}],"curies":[{"name":"wp","href":"https:\/\/api.w.org\/{rel}","templated":true}]}}