{"id":206,"date":"2015-07-14T14:50:10","date_gmt":"2015-07-14T14:50:10","guid":{"rendered":"http:\/\/test.kriesi.at\/minimal-portfolio\/?page_id=9"},"modified":"2025-11-16T22:37:46","modified_gmt":"2025-11-16T22:37:46","slug":"home","status":"publish","type":"page","link":"https:\/\/rau.design\/","title":{"rendered":"Home"},"content":{"rendered":"<div  class='flex_column av-mhy0wnpx-6d8f5e85033c5ea7726f75b7ceb0ce07 av_one_full  avia-builder-el-0  el_before_av_slideshow_full  avia-builder-el-no-sibling  first flex_column_div  '     ><\/div>\n<\/div><\/div><\/div><!-- close content main div --><\/div><\/div><div id='full_slider_1'  class='avia-fullwidth-slider main_color avia-shadow   avia-builder-el-1  el_after_av_one_full  el_before_av_one_full   slider-not-first container_wrap fullsize'  >\n<style type=\"text\/css\" data-created_by=\"avia_inline_auto\" id=\"style-css-av-79sdxq-e868d00e629d85e0a7a00450d317acfe\">\n#top #wrap_all .avia-slideshow .av-slideshow-caption.av-79sdxq-e868d00e629d85e0a7a00450d317acfe__0 .avia-caption-title{\nfont-size:35px;\ncolor:#ffffff;\n}\n#top .avia-slideshow .av-slideshow-caption.av-79sdxq-e868d00e629d85e0a7a00450d317acfe__0 .avia-caption-content{\nfont-size:18px;\ncolor:#ffffff;\n}\n#top .avia-slideshow .av-slideshow-caption.av-79sdxq-e868d00e629d85e0a7a00450d317acfe__0 .avia-caption-content p{\nfont-size:18px;\n}\n\n@media only screen and (max-width: 479px){ \n#top #wrap_all .avia-slideshow .av-slideshow-caption.av-79sdxq-e868d00e629d85e0a7a00450d317acfe__0 .avia-caption-title{\nfont-size:13px;\n}\n#top .avia-slideshow .av-slideshow-caption.av-79sdxq-e868d00e629d85e0a7a00450d317acfe__0 .avia-caption-content{\nfont-size:10px;\n}\n#top .avia-slideshow .av-slideshow-caption.av-79sdxq-e868d00e629d85e0a7a00450d317acfe__0 .avia-caption-content p{\nfont-size:10px;\n}\n}\n<\/style>\n<div  class='avia-slideshow av-79sdxq-e868d00e629d85e0a7a00450d317acfe avia-slideshow-featured av_slideshow_full avia-fade-slider av-slideshow-ui av-control-minimal av-slideshow-manual av-loop-once av-loop-manual-endless av-default-height-applied   avia-slideshow-1' data-slideshow-options=\"{&quot;animation&quot;:&quot;fade&quot;,&quot;autoplay&quot;:false,&quot;loop_autoplay&quot;:&quot;once&quot;,&quot;interval&quot;:5,&quot;loop_manual&quot;:&quot;manual-endless&quot;,&quot;autoplay_stopper&quot;:false,&quot;noNavigation&quot;:false,&quot;bg_slider&quot;:false,&quot;keep_padding&quot;:false,&quot;hoverpause&quot;:false,&quot;show_slide_delay&quot;:0}\"  itemprop=\"image\" itemscope=\"itemscope\" itemtype=\"https:\/\/schema.org\/ImageObject\" ><ul class='avia-slideshow-inner ' style='padding-bottom: 28.666666666667%;'><li  class='avia-slideshow-slide av-79sdxq-e868d00e629d85e0a7a00450d317acfe__0  av-single-slide slide-1 slide-odd'><div data-rel='slideshow-1' class='avia-slide-wrap '   ><div class='av-slideshow-caption av-79sdxq-e868d00e629d85e0a7a00450d317acfe__0 caption_fullwidth caption_left caption_left_framed caption_framed'><div class=\"container caption_container\"><div class=\"slideshow_caption\"><div class=\"slideshow_inner_caption\"><div class=\"slideshow_align_caption\"><h2 class='avia-caption-title '  itemprop=\"name\" >DESIGN WON\u2019T <br \/> CHANGE THE WORLD <br \/> BUT IT DAMM SURE <br \/> MAKES IT LOOK GOOD.<\/h2><div class='avia-caption-content av_inherit_color'  itemprop=\"description\" ><p>&#8211; Mary Crawford<\/p>\n<\/div><\/div><\/div><\/div><\/div><\/div><img decoding=\"async\" fetchpriority=\"high\" class=\"wp-image-1599 avia-img-lazy-loading-not-1599\"  src=\"https:\/\/rau.design\/wp-content\/uploads\/2025\/11\/Titel-Titel-1-1500x430.png\" width=\"1500\" height=\"430\" title='Titel-Titel' alt=''  itemprop=\"thumbnailUrl\"  style='min-height:225; min-width:785px; ' \/><\/div><\/li><\/ul><\/div><\/div><div id='after_full_slider_1'  class='main_color av_default_container_wrap container_wrap fullsize'  ><div class='container av-section-cont-open' ><div class='template-page content  av-content-full alpha units'><div class='post-entry post-entry-type-page post-entry-206'><div class='entry-content-wrapper clearfix'>\n\n<style type=\"text\/css\" data-created_by=\"avia_inline_auto\" id=\"style-css-av-1p62um-34d73108254ce6fc423bbc30a7820e85\">\n.flex_column.av-1p62um-34d73108254ce6fc423bbc30a7820e85{\nborder-radius:0px 0px 0px 0px;\npadding:0px 0px 0px 0px;\n}\n<\/style>\n<div  class='flex_column av-1p62um-34d73108254ce6fc423bbc30a7820e85 av_one_full  avia-builder-el-2  el_after_av_slideshow_full  el_before_av_one_full  avia-builder-el-first  first flex_column_div av-animated-generic bottom-to-top av-zero-column-padding  '     ><p><br \/>\n\n<style type=\"text\/css\" data-created_by=\"avia_inline_auto\" id=\"style-css-av-83wna-d52729218ed7e91a942e09462f4b38b9\">\n#top .av-special-heading.av-83wna-d52729218ed7e91a942e09462f4b38b9{\npadding-bottom:10px;\n}\nbody .av-special-heading.av-83wna-d52729218ed7e91a942e09462f4b38b9 .av-special-heading-tag .heading-char{\nfont-size:25px;\n}\n.av-special-heading.av-83wna-d52729218ed7e91a942e09462f4b38b9 .av-subheading{\nfont-size:15px;\n}\n<\/style>\n<div  class='av-special-heading av-83wna-d52729218ed7e91a942e09462f4b38b9 av-special-heading-h1 blockquote modern-quote  avia-builder-el-4  el_after_av_heading  el_before_av_textblock '><h1 class='av-special-heading-tag '  itemprop=\"headline\"  >Hallo! Sch\u00f6n, dass Du da bist!<\/h1><div class=\"special-heading-border\"><div class=\"special-heading-inner-border\"><\/div><\/div><\/div><br \/>\n<section  class='av_textblock_section av-1f8uie-14bd4f5d88bc009b4413a10130081700 '   itemscope=\"itemscope\" itemtype=\"https:\/\/schema.org\/CreativeWork\" ><div class='avia_textblock'  itemprop=\"text\" ><p style=\"text-align: left;\">Ich bin Eva, leidenschaftliche Grafikdesignerin und Fotografin.<\/p>\n<p style=\"text-align: left;\">Ob Du gerade ein Unternehmen gr\u00fcndest und Hilfe bei Deinem visuellen Auftritt brauchst,<br \/>\nDein bestehendes Branding auffrischen willst oder etwas in ein besonderes Licht r\u00fccken m\u00f6chtest \u2013<br \/>\nich stehe Dir mit meiner Erfahrung und meinem Know-how zur Seite.<\/p>\n<\/div><\/section><\/p><\/div>\n<div  class='flex_column av-ix14u-baf24e880a154c0f272edbbb7c48b1ab av_one_full  avia-builder-el-6  el_after_av_one_full  el_before_av_one_half  first flex_column_div  column-top-margin'     ><\/div>\n\n<style type=\"text\/css\" data-created_by=\"avia_inline_auto\" id=\"style-css-av-5jamfa-5497c50d265aa5670901ce9e16a22654\">\n.flex_column.av-5jamfa-5497c50d265aa5670901ce9e16a22654{\nborder-radius:0px 0px 0px 0px;\npadding:0px 0px 0px 0px;\n}\n<\/style>\n<div  class='flex_column av-5jamfa-5497c50d265aa5670901ce9e16a22654 av_one_half  avia-builder-el-7  el_after_av_one_full  el_before_av_one_half  first flex_column_div av-animated-generic bottom-to-top av-zero-column-padding  column-top-margin'     ><p>\n<style type=\"text\/css\" data-created_by=\"avia_inline_auto\" id=\"style-css-av-5g3zvq-b02b1b1b5243ca7eefdfd3a568b5a23d\">\n.avia-image-container.av-5g3zvq-b02b1b1b5243ca7eefdfd3a568b5a23d img.avia_image{\nbox-shadow:none;\n}\n.avia-image-container.av-5g3zvq-b02b1b1b5243ca7eefdfd3a568b5a23d .av-image-caption-overlay-center{\ncolor:#ffffff;\n}\n<\/style>\n<div  class='avia-image-container av-5g3zvq-b02b1b1b5243ca7eefdfd3a568b5a23d av-styling-no-styling av-hover-grow av-img-linked avia-align-center  avia-builder-el-8  el_before_av_heading  avia-builder-el-first '   itemprop=\"image\" itemscope=\"itemscope\" itemtype=\"https:\/\/schema.org\/ImageObject\" ><div class=\"avia-image-container-inner\"><div class=\"avia-image-overlay-wrap\"><a href=\"https:\/\/rau.design\/index.php\/services-2\/\" class='avia_image '  aria-label='Grafik-Titel-800x533px'><img decoding=\"async\" fetchpriority=\"high\" class='wp-image-1267 avia-img-lazy-loading-not-1267 avia_image ' src=\"https:\/\/rau.design\/wp-content\/uploads\/2025\/09\/Grafik-Titel-800x533px.png\" alt='' title='Grafik-Titel-800x533px'  height=\"533\" width=\"800\"  itemprop=\"thumbnailUrl\" srcset=\"https:\/\/rau.design\/wp-content\/uploads\/2025\/09\/Grafik-Titel-800x533px.png 800w, https:\/\/rau.design\/wp-content\/uploads\/2025\/09\/Grafik-Titel-800x533px-300x200.png 300w, https:\/\/rau.design\/wp-content\/uploads\/2025\/09\/Grafik-Titel-800x533px-768x512.png 768w, https:\/\/rau.design\/wp-content\/uploads\/2025\/09\/Grafik-Titel-800x533px-705x470.png 705w\" sizes=\"(max-width: 800px) 100vw, 800px\" \/><\/a><\/div><\/div><\/div><br \/>\n\n<style type=\"text\/css\" data-created_by=\"avia_inline_auto\" id=\"style-css-av-56dvpq-ec4f6573d9de9e084311d858aef81d85\">\n#top .av-special-heading.av-56dvpq-ec4f6573d9de9e084311d858aef81d85{\npadding-bottom:10px;\n}\nbody .av-special-heading.av-56dvpq-ec4f6573d9de9e084311d858aef81d85 .av-special-heading-tag .heading-char{\nfont-size:25px;\n}\n.av-special-heading.av-56dvpq-ec4f6573d9de9e084311d858aef81d85 .av-subheading{\nfont-size:15px;\n}\n<\/style>\n<div  class='av-special-heading av-56dvpq-ec4f6573d9de9e084311d858aef81d85 av-special-heading-h2 blockquote modern-quote  avia-builder-el-9  el_after_av_image  el_before_av_textblock '><h2 class='av-special-heading-tag '  itemprop=\"headline\"  >Grafikdesign<\/h2><div class=\"special-heading-border\"><div class=\"special-heading-inner-border\"><\/div><\/div><\/div><br \/>\n<section  class='av_textblock_section av-507p9a-b102f025d680250881f097857029af73 '   itemscope=\"itemscope\" itemtype=\"https:\/\/schema.org\/CreativeWork\" ><div class='avia_textblock'  itemprop=\"text\" ><p>Du hast eine ungef\u00e4hre Idee oder ein ganz konkretes Projekt, das Du umsetzen m\u00f6chtest? Deine Firma oder Dein Produkt brauchen ein Branding oder Re-Design?<\/p>\n<p>Ob Logo oder CI-Entwicklung, Layouts f\u00fcr Print, Office Anwendungen, Verpackungen oder Social Media \u2013 vom Entwurf bis zum Endprodukt setzen wir gemeinsam Deine Ideen und Visionen in ausdrucksstarke Designs um.<\/p>\n<p><a href=\"https:\/\/rau.design\/index.php\/services\/\">Erz\u00e4hl mir mehr<\/a><\/p>\n<\/div><\/section><\/p><\/div>\n\n<style type=\"text\/css\" data-created_by=\"avia_inline_auto\" id=\"style-css-av-4tgo12-17dc7a21fab51f5511bae1010bcf036d\">\n.flex_column.av-4tgo12-17dc7a21fab51f5511bae1010bcf036d{\nborder-radius:0px 0px 0px 0px;\npadding:0px 0px 0px 0px;\n}\n<\/style>\n<div  class='flex_column av-4tgo12-17dc7a21fab51f5511bae1010bcf036d av_one_half  avia-builder-el-11  el_after_av_one_half  el_before_av_one_full  flex_column_div av-animated-generic bottom-to-top av-zero-column-padding  column-top-margin'     ><p>\n<style type=\"text\/css\" data-created_by=\"avia_inline_auto\" id=\"style-css-av-4norgm-a297594e1da6f6515b8e6b2dbbbe990a\">\n.avia-image-container.av-4norgm-a297594e1da6f6515b8e6b2dbbbe990a img.avia_image{\nbox-shadow:none;\n}\n.avia-image-container.av-4norgm-a297594e1da6f6515b8e6b2dbbbe990a .av-image-caption-overlay-center{\ncolor:#ffffff;\n}\n<\/style>\n<div  class='avia-image-container av-4norgm-a297594e1da6f6515b8e6b2dbbbe990a av-styling-no-styling av-hover-grow av-img-linked avia-align-center  avia-builder-el-12  el_before_av_heading  avia-builder-el-first '   itemprop=\"image\" itemscope=\"itemscope\" itemtype=\"https:\/\/schema.org\/ImageObject\" ><div class=\"avia-image-container-inner\"><div class=\"avia-image-overlay-wrap\"><a href=\"https:\/\/rau.design\/index.php\/services-3\/\" class='avia_image '  aria-label='Fotografie-Titel-800x533px'><img decoding=\"async\" fetchpriority=\"high\" class='wp-image-1265 avia-img-lazy-loading-not-1265 avia_image ' src=\"https:\/\/rau.design\/wp-content\/uploads\/2025\/09\/Fotografie-Titel-800x533px.png\" alt='' title='Fotografie-Titel-800x533px'  height=\"533\" width=\"800\"  itemprop=\"thumbnailUrl\" srcset=\"https:\/\/rau.design\/wp-content\/uploads\/2025\/09\/Fotografie-Titel-800x533px.png 800w, https:\/\/rau.design\/wp-content\/uploads\/2025\/09\/Fotografie-Titel-800x533px-300x200.png 300w, https:\/\/rau.design\/wp-content\/uploads\/2025\/09\/Fotografie-Titel-800x533px-768x512.png 768w, https:\/\/rau.design\/wp-content\/uploads\/2025\/09\/Fotografie-Titel-800x533px-705x470.png 705w\" sizes=\"(max-width: 800px) 100vw, 800px\" \/><\/a><\/div><\/div><\/div><br \/>\n\n<style type=\"text\/css\" data-created_by=\"avia_inline_auto\" id=\"style-css-av-4kt5iu-4f0815b6bc5f7314a9b516d30feaa225\">\n#top .av-special-heading.av-4kt5iu-4f0815b6bc5f7314a9b516d30feaa225{\npadding-bottom:10px;\n}\nbody .av-special-heading.av-4kt5iu-4f0815b6bc5f7314a9b516d30feaa225 .av-special-heading-tag .heading-char{\nfont-size:25px;\n}\n.av-special-heading.av-4kt5iu-4f0815b6bc5f7314a9b516d30feaa225 .av-subheading{\nfont-size:15px;\n}\n<\/style>\n<div  class='av-special-heading av-4kt5iu-4f0815b6bc5f7314a9b516d30feaa225 av-special-heading-h2 blockquote modern-quote  avia-builder-el-13  el_after_av_image  el_before_av_textblock '><h2 class='av-special-heading-tag '  itemprop=\"headline\"  >Fotografie<\/h2><div class=\"special-heading-border\"><div class=\"special-heading-inner-border\"><\/div><\/div><\/div><br \/>\n<section  class='av_textblock_section av-4cbt8m-b3c223978d8292b7ee10a7ee4a53744b '   itemscope=\"itemscope\" itemtype=\"https:\/\/schema.org\/CreativeWork\" ><div class='avia_textblock'  itemprop=\"text\" ><p>Du willst Dein Produkt in Szene setzen? Du brauchst Bildmaterial f\u00fcr Deine Website oder Verkaufsfolder? Du m\u00f6chtest einen besonderen Moment als Foto festhalten?<\/p>\n<p>Ob f\u00fcr gesch\u00e4ftliche Zwecke oder f\u00fcr den privaten Bereich, mit meiner Kamera und meinem geschulten Blick unterst\u00fctze ich Dich bei Deinen W\u00fcnschen, individuell und auf Deine Bed\u00fcrfnisse abgestimmt!<\/p>\n<p><a href=\"https:\/\/rau.design\/index.php\/services-3\/\">Erz\u00e4hl mir mehr<\/a><\/p>\n<\/div><\/section><\/p><\/div>\n<div  class='flex_column av-ht1bi-6468add6ce96e9d8f27cc1265bd9d9e9 av_one_full  avia-builder-el-15  el_after_av_one_half  el_before_av_one_third  first flex_column_div  column-top-margin'     ><\/div>\n<div  class='flex_column av-crruu-74caaf8cfd8a76434c1148d6235fe4c7 av_one_third  avia-builder-el-16  el_after_av_one_full  el_before_av_one_third  first flex_column_div  column-top-margin'     ><\/div>\n\n<style type=\"text\/css\" data-created_by=\"avia_inline_auto\" id=\"style-css-av-224r06-13f97903ad3100b3e098fbfdd7ce5e64\">\n.flex_column.av-224r06-13f97903ad3100b3e098fbfdd7ce5e64{\nborder-radius:0px 0px 0px 0px;\npadding:0px 0px 0px 0px;\n}\n<\/style>\n<div  class='flex_column av-224r06-13f97903ad3100b3e098fbfdd7ce5e64 av_one_third  avia-builder-el-17  el_after_av_one_third  el_before_av_one_third  flex_column_div av-animated-generic bottom-to-top av-zero-column-padding  column-top-margin'     ><style type=\"text\/css\" data-created_by=\"avia_inline_auto\" id=\"style-css-av-1x77su-ac21887aca737ca9812527c584044781\">\n.avia-image-container.av-1x77su-ac21887aca737ca9812527c584044781 img.avia_image{\nbox-shadow:none;\n}\n.avia-image-container.av-1x77su-ac21887aca737ca9812527c584044781 .av-image-caption-overlay-center{\ncolor:#ffffff;\n}\n<\/style>\n<div  class='avia-image-container av-1x77su-ac21887aca737ca9812527c584044781 av-styling-no-styling avia-align-center  avia-builder-el-18  avia-builder-el-no-sibling '   itemprop=\"image\" itemscope=\"itemscope\" itemtype=\"https:\/\/schema.org\/ImageObject\" ><div class=\"avia-image-container-inner\"><div class=\"avia-image-overlay-wrap\"><img decoding=\"async\" fetchpriority=\"high\" class='wp-image-1135 avia-img-lazy-loading-not-1135 avia_image ' src=\"https:\/\/rau.design\/wp-content\/uploads\/2025\/09\/RAU-logo-288x300.png\" alt='' title='RAU-logo'  height=\"300\" width=\"288\"  itemprop=\"thumbnailUrl\" srcset=\"https:\/\/rau.design\/wp-content\/uploads\/2025\/09\/RAU-logo-288x300.png 288w, https:\/\/rau.design\/wp-content\/uploads\/2025\/09\/RAU-logo-676x705.png 676w, https:\/\/rau.design\/wp-content\/uploads\/2025\/09\/RAU-logo.png 749w\" sizes=\"(max-width: 288px) 100vw, 288px\" \/><\/div><\/div><\/div><\/div>\n<div  class='flex_column av-aal7i-6a745fcb7e225741c4fabf30ba07810f av_one_third  avia-builder-el-19  el_after_av_one_third  el_before_av_heading  flex_column_div  column-top-margin'     ><\/div>\n\n<style type=\"text\/css\" data-created_by=\"avia_inline_auto\" id=\"style-css-av-6htmvq-593889b0d339fdb94a95c9d07dd0d3d2\">\n#top .av-special-heading.av-6htmvq-593889b0d339fdb94a95c9d07dd0d3d2{\npadding-bottom:20px;\n}\nbody .av-special-heading.av-6htmvq-593889b0d339fdb94a95c9d07dd0d3d2 .av-special-heading-tag .heading-char{\nfont-size:25px;\n}\n.av-special-heading.av-6htmvq-593889b0d339fdb94a95c9d07dd0d3d2 .av-subheading{\nfont-size:15px;\n}\n<\/style>\n<div  class='av-special-heading av-6htmvq-593889b0d339fdb94a95c9d07dd0d3d2 av-special-heading-h1 blockquote modern-quote modern-centered  avia-builder-el-20  el_after_av_one_third  el_before_av_section  avia-builder-el-last '><h1 class='av-special-heading-tag '  itemprop=\"headline\"  >F\u00fcr mich ist Design die Kunst, eine Botschaft visuell zu vermitteln, indem Formen, Farben und Schrift so kombiniert werden, dass sie Emotionen wecken und im Ged\u00e4chtnis bleiben.<\/h1><div class=\"special-heading-border\"><div class=\"special-heading-inner-border\"><\/div><\/div><\/div>\n<\/div><\/div><\/div><!-- close content main div --><\/div><\/div>\n<style type=\"text\/css\" data-created_by=\"avia_inline_auto\" id=\"style-css-av-3irapi-3b136aefd5c29fedae987c5a0ae6bc68\">\n.avia-section.av-3irapi-3b136aefd5c29fedae987c5a0ae6bc68{\nbackground-color:#fad3db;\nbackground-image:url(https:\/\/rau.design\/wp-content\/uploads\/2025\/09\/RAU-Muster-white-1-300x74.png);\nbackground-repeat:repeat;\nbackground-position:50% 50%;\nbackground-attachment:fixed;\n}\n<\/style>\n<div id='av_section_1'  class='avia-section av-3irapi-3b136aefd5c29fedae987c5a0ae6bc68 main_color avia-section-large avia-no-border-styling  avia-builder-el-21  el_after_av_heading  el_before_av_one_full  avia-bg-style-fixed av-minimum-height av-minimum-height-custom av-height-custom  container_wrap fullsize'  data-section-bg-repeat='repeat' data-av_minimum_height_px='300'><div class='container av-section-cont-open' style='height:300px'><div class='template-page content  av-content-full alpha units'><div class='post-entry post-entry-type-page post-entry-206'><div class='entry-content-wrapper clearfix'>\n<div  class='flex_column av-2cjda-573a573d15fcc9ef5618ecad0fb44c1b av_one_full  avia-builder-el-22  avia-builder-el-no-sibling  first flex_column_div  '     ><\/div>\n<\/div><\/div><\/div><!-- close content main div --><\/div><\/div><div id='after_section_1'  class='main_color av_default_container_wrap container_wrap fullsize'  ><div class='container av-section-cont-open' ><div class='template-page content  av-content-full alpha units'><div class='post-entry post-entry-type-page post-entry-206'><div class='entry-content-wrapper clearfix'>\n<div  class='flex_column av-bt79a-630d78fe26727fe9687c67cc2c1a2e91 av_one_full  avia-builder-el-23  el_after_av_section  avia-builder-el-no-sibling  first flex_column_div  '     ><div  class='avia-buttonrow-wrap av-ssqou-975b5b078978a25fb60eaac35abb5265 avia-buttonrow-center  avia-builder-el-24  avia-builder-el-no-sibling '>\n\n<style type=\"text\/css\" data-created_by=\"avia_inline_auto\" id=\"style-css-av-cvsx2-33a99c0371a9dc5969aa9aee2c6e8b67\">\n#top #wrap_all .avia-button.av-cvsx2-33a99c0371a9dc5969aa9aee2c6e8b67{\nmargin-bottom:5px;\nmargin-right:3px;\nmargin-left:3px;\n}\n<\/style>\n<a href=''  class='avia-button av-cvsx2-33a99c0371a9dc5969aa9aee2c6e8b67 avia-icon_select-yes-left-icon avia-size-small avia-color-theme-color'   aria-label=\"Ich will zur\u00fcck\"><span class='avia_button_icon avia_button_icon_left avia-svg-icon avia-font-svg_entypo-fontello' data-av_svg_icon='up-bold' data-av_iconset='svg_entypo-fontello'><svg version=\"1.1\" xmlns=\"http:\/\/www.w3.org\/2000\/svg\" width=\"24\" height=\"32\" viewBox=\"0 0 24 32\" preserveAspectRatio=\"xMidYMid meet\" aria-labelledby='av-svg-title-1' aria-describedby='av-svg-desc-1' role=\"graphics-symbol\">\n<title id='av-svg-title-1'>Up-bold<\/title>\n<desc id='av-svg-desc-1'>Up-bold<\/desc>\n<path d=\"M24.32 16.448h-6.144v11.2h-12.032v-11.2h-6.144l12.16-12.16z\"><\/path>\n<\/svg><\/span><span class='avia_iconbox_title' >Ich will zur\u00fcck<\/span><\/a>\n<\/div><\/div>\n","protected":false},"excerpt":{"rendered":"","protected":false},"author":1,"featured_media":0,"parent":0,"menu_order":0,"comment_status":"open","ping_status":"closed","template":"","meta":{"footnotes":""},"class_list":["post-206","page","type-page","status-publish","hentry"],"_links":{"self":[{"href":"https:\/\/rau.design\/index.php\/wp-json\/wp\/v2\/pages\/206","targetHints":{"allow":["GET"]}}],"collection":[{"href":"https:\/\/rau.design\/index.php\/wp-json\/wp\/v2\/pages"}],"about":[{"href":"https:\/\/rau.design\/index.php\/wp-json\/wp\/v2\/types\/page"}],"author":[{"embeddable":true,"href":"https:\/\/rau.design\/index.php\/wp-json\/wp\/v2\/users\/1"}],"replies":[{"embeddable":true,"href":"https:\/\/rau.design\/index.php\/wp-json\/wp\/v2\/comments?post=206"}],"version-history":[{"count":259,"href":"https:\/\/rau.design\/index.php\/wp-json\/wp\/v2\/pages\/206\/revisions"}],"predecessor-version":[{"id":1892,"href":"https:\/\/rau.design\/index.php\/wp-json\/wp\/v2\/pages\/206\/revisions\/1892"}],"wp:attachment":[{"href":"https:\/\/rau.design\/index.php\/wp-json\/wp\/v2\/media?parent=206"}],"curies":[{"name":"wp","href":"https:\/\/api.w.org\/{rel}","templated":true}]}}